{"id":131,"date":"2015-04-17T20:19:35","date_gmt":"2015-04-17T20:19:35","guid":{"rendered":"http:\/\/adsoft.zz.vc\/wp\/?page_id=131"},"modified":"2016-10-31T02:30:19","modified_gmt":"2016-10-31T02:30:19","slug":"associe-se-2","status":"publish","type":"page","link":"http:\/\/sindiquimicabr.com.br\/index.php\/associe-se-2\/","title":{"rendered":"Associe-se"},"content":{"rendered":"<h3>O Sindicalismo no Mundo<\/h3>\n<p>Sindicato \u00e9 uma agremia\u00e7\u00e3o fundada para a defesa comum dos interesses de seus aderentes. Os tipos mais comuns de sindicatos s\u00e3o os representantes de categorias profissionais, conhecidos como sindicatos laborais ou de trabalhadores, e de classes econ\u00f4micas, conhecidos como sindicatos patronais ou empresariais.<\/p>\n<p>O termo &#8220;sindicato&#8221; deriva do latim syndicus, proveniente por sua vez do grego sundik\u00f3s, que designava um advogado, bem como o funcion\u00e1rio que costumava auxiliar nos julgamentos. Na Lei Le Chapellier, de julho de 1791, o nome s\u00edndico era utilizado com o objetivo de se referir a pessoas que participavam de organiza\u00e7\u00f5es at\u00e9 ent\u00e3o consideradas clandestinas.<\/p>\n<h4>Hist\u00f3ria<\/h4>\n<p>O sindicalismo tem origem nas corpora\u00e7\u00f5es de of\u00edcio na Europa medieval. No s\u00e9culo XVIII, durante a revolu\u00e7\u00e3o industrial na Inglaterra, os trabalhadores, oriundos das ind\u00fastrias t\u00eaxteis, doentes e desempregados juntavam-se nas sociedades de socorro m\u00fatuos.<\/p>\n<p>Durante a revolu\u00e7\u00e3o francesa surgiram id\u00e9ias liberais, que estimulavam a aprova\u00e7\u00e3o de leis proibitivas \u00e0 atividade sindical, a exemplo da Lei Chapelier que, em nome da liberdade dos Direitos do Homem, considerou ilegais as associa\u00e7\u00f5es de trabalhadores e patr\u00f5es. As organiza\u00e7\u00f5es sindicais, contudo, reergueram-se clandestinamente no s\u00e9culo XIX. No Reino Unido, em 1871, e na Fran\u00e7a, em 1884, foi reconhecida a legalidade dos sindicatos e associa\u00e7\u00f5es. Com a Segunda Guerra Mundial, as id\u00e9ias comunistas e socialistaspredominaram nos movimentos sindicais espanh\u00f3is e italianos.<\/p>\n<p>Nos Estados Unidos, o sindicalismo nasceu por volta de 1827 e, em 1886, foi constitu\u00edda a Federa\u00e7\u00e3o Americana do Trabalho (AFL), contr\u00e1ria \u00e0 reforma ou mudan\u00e7a da sociedade. Defendia o sindicalismo de resultados.<\/p>\n<p><iframe loading=\"lazy\" style=\"height: 300px !important;\" src=\"http:\/\/www.youtube.com\/embed\/yvBf4VitYcY?rel=0\" width=\"500\" height=\"300\" frameborder=\"0\" allowfullscreen=\"allowfullscreen\"><\/iframe><\/p>\n<h3>Papel pol\u00edtico dos sindicatos<\/h3>\n<p>No plano pol\u00edtico, os sindicatos det\u00eam uma for\u00e7a consider\u00e1vel: na Alemanha, Reino Unido,\u00c1ustria e na\u00e7\u00f5es escandinavas a vincula\u00e7\u00e3o com os partidos pol\u00edticos socialistas e trabalhistasconfere aos sindicatos forte refer\u00eancia na formula\u00e7\u00e3o de diretrizes e na execu\u00e7\u00e3o de pol\u00edticaecon\u00f4mica. Os dirigentes sindicais s\u00e3o eleitos para cargos legislativos, e o principal instrumento de pol\u00edtica sindical \u00e9 a negocia\u00e7\u00e3o coletiva.<\/p>\n<p><iframe loading=\"lazy\" style=\"height: 300px !important;\" src=\"http:\/\/www.youtube.com\/embed\/I8dUofTY_e4?rel=0\" width=\"500\" height=\"300\" frameborder=\"0\" allowfullscreen=\"allowfullscreen\">><\/iframe><\/p>\n<h4>No Brasil<\/h4>\n<p>No Brasil o sindicalismo surgiu no final do s\u00e9culo XIX. Os oper\u00e1rios imigrantes que trabalhavam em diversas f\u00e1bricas estavam insatisfeitos com suas condi\u00e7\u00f5es de trabalho e ent\u00e3o come\u00e7aram a se unir para questionar e lutar pelos seus direitos, formando os primeiros sindicatos no pa\u00eds.<\/p>\n<p>No final da d\u00e9cada de 70 e no decorrer da d\u00e9cada seguinte, o sindicalismo viveu seu auge, pois o Brasil estava num momento importante: saindo do regime militar para o democr\u00e1tico.<\/p>\n<p>O \u201cnovo sindicalismo\u201d &#8211; como foi denominado &#8211; tinha como uma de suas caracter\u00edsticas principais uma atua\u00e7\u00e3o reivindicat\u00f3ria, ao inv\u00e9s de apenas prestar assist\u00eancia.<\/p>\n<p>Com a chegada da d\u00e9cada de 90 vieram muitas mudan\u00e7as (pol\u00edticas, sociais, econ\u00f4micas e at\u00e9 mesmo tecnol\u00f3gicas) todas estas mudan\u00e7as \u2013 incluindo os avan\u00e7os da Globaliza\u00e7\u00e3o &#8211; levaram o sindicato a enfrentar uma crise, pois estava ficando dif\u00edcil lidar com todas as inova\u00e7\u00f5es.<\/p>\n<p>Como conseq\u00fc\u00eancia houve uma redu\u00e7\u00e3o das greves e uma queda da taxa de sindicaliza\u00e7\u00e3o.<\/p>\n<p>Hoje, mesmo com todos estes avan\u00e7os e inova\u00e7\u00f5es, o sindicalismo continua na luta por melhores condi\u00e7\u00f5es de trabalho para tentar proporcionar ao trabalhador uma vida mais digna.<\/p>\n<p>Fonte: Wikip\u00e9dia<\/p>\n<h4>Associe-se<\/h4>\n<p>A melhor forma de conquistar melhores condi\u00e7\u00f5es de trabalho e melhores sal\u00e1rios \u00e9 atrav\u00e9s do fortalecimento do seu sindicato.<\/p>\n<p>Filie-se. Juntos somos mais fortes.<\/p>\n<p><strong>Clique\u00a0<a href=\"http:\/\/sindiquimicabr.com.br\/wp\/wp-content\/uploads\/2015\/04\/FICHA-ASSOCIADO.pdf\" target=\"_blank\">aqui<\/a>\u00a0para acessar a ficha de filia\u00e7\u00e3o. Preencha e entregue na sede do sindicato ou a um representante do Sindicato dentro de sua empresa.<\/strong><\/p>\n<h4>Atualiza\u00e7\u00e3o Cadastral<\/h4>\n<p>Clique\u00a0<strong><span class=\"eModal-1\"><a href=\"#\">AQUI<\/a><\/span><\/strong>\u00a0para atualizar seu cadastro de s\u00f3cio no Sindicato. Contamos com a colabora\u00e7\u00e3o de todos.<\/p>\n<h4><\/h4>\n","protected":false},"excerpt":{"rendered":"<p>O Sindicalismo no Mundo Sindicato \u00e9 uma agremia\u00e7\u00e3o fundada para a defesa comum dos interesses de seus aderentes. Os tipos mais comuns de sindicatos s\u00e3o os representantes de categorias profissionais, conhecidos como sindicatos laborais ou de trabalhadores, e de classes econ\u00f4micas, conhecidos como sindicatos patronais ou empresariais. O termo &#8220;sindicato&#8221; deriva do latim syndicus, proveniente<a class=\"moretag\" href=\"http:\/\/sindiquimicabr.com.br\/index.php\/associe-se-2\/\"> [&#8230;]<\/a><\/p>\n","protected":false},"author":1,"featured_media":0,"parent":0,"menu_order":0,"comment_status":"closed","ping_status":"closed","template":"","meta":[],"_links":{"self":[{"href":"http:\/\/sindiquimicabr.com.br\/index.php\/wp-json\/wp\/v2\/pages\/131"}],"collection":[{"href":"http:\/\/sindiquimicabr.com.br\/index.php\/wp-json\/wp\/v2\/pages"}],"about":[{"href":"http:\/\/sindiquimicabr.com.br\/index.php\/wp-json\/wp\/v2\/types\/page"}],"author":[{"embeddable":true,"href":"http:\/\/sindiquimicabr.com.br\/index.php\/wp-json\/wp\/v2\/users\/1"}],"replies":[{"embeddable":true,"href":"http:\/\/sindiquimicabr.com.br\/index.php\/wp-json\/wp\/v2\/comments?post=131"}],"version-history":[{"count":31,"href":"http:\/\/sindiquimicabr.com.br\/index.php\/wp-json\/wp\/v2\/pages\/131\/revisions"}],"predecessor-version":[{"id":2045,"href":"http:\/\/sindiquimicabr.com.br\/index.php\/wp-json\/wp\/v2\/pages\/131\/revisions\/2045"}],"wp:attachment":[{"href":"http:\/\/sindiquimicabr.com.br\/index.php\/wp-json\/wp\/v2\/media?parent=131"}],"curies":[{"name":"wp","href":"https:\/\/api.w.org\/{rel}","templated":true}]}}