{"id":31,"date":"2015-03-13T04:30:53","date_gmt":"2015-03-13T04:30:53","guid":{"rendered":"http:\/\/adsoft.zz.vc\/wp\/?page_id=31"},"modified":"2015-11-13T19:50:48","modified_gmt":"2015-11-13T19:50:48","slug":"historico","status":"publish","type":"page","link":"http:\/\/sindiquimicabr.com.br\/index.php\/historico\/","title":{"rendered":"Hist\u00f3rico"},"content":{"rendered":"<div class=\"addthis_toolbox addthis_default_style \">\n<div class=\"addthis_toolbox addthis_default_style \"><\/div>\n<div style=\"width: 443px\" class=\"wp-caption alignright right\"><img decoding=\"async\" loading=\"lazy\" src=\"http:\/\/sindiquimicabr.com.br\/img\/entrada_de_bel.png\" alt=\"\" width=\"433\" height=\"346\" \/><p class=\"wp-caption-text\">Portal de entrada localizada na Via Dutra<\/p><\/div>\n<p>&nbsp;<\/p>\n<div style=\"width: 445px\" class=\"wp-caption alignright right\"><img decoding=\"async\" loading=\"lazy\" src=\"http:\/\/sindiquimicabr.com.br\/img\/vista_aerea_bayer.png\" alt=\"\" width=\"435\" height=\"255\" \/><p class=\"wp-caption-text\">Planta da Bayer CropScience em Belford Roxo<\/p><\/div>\n<p style=\"text-align: justify;\">O Sindiqu\u00edmica\/BR foi fundado em 27 de Maio de 1992 e constitu\u00eddo para fins de estudo, coordena\u00e7\u00e3o, prote\u00e7\u00e3o e representa\u00e7\u00e3o legal dos grupos profissionais da \u00e1rea qu\u00edmica e farmac\u00eautica da regi\u00e3o, devidamente registrados na sede da categoria, conforme consta em seu Estatuto Social.<\/p>\n<p style=\"text-align: justify;\">Antes desta data, os trabalhadores da categoria atuantes em Belford Roxo eram representados pelo Sindicato dos Qu\u00edmicos de Nova Igua\u00e7u. \u00c9 importante lembrar que Belford Roxo era um distrito do munic\u00edpio de Nova Igua\u00e7u, tendo se emancipado e sido transformado em munic\u00edpio em 1990.<\/p>\n<p style=\"text-align: justify;\">Com essa mudan\u00e7a, constatou-se a necessidade da cria\u00e7\u00e3o de uma diretoria provis\u00f3ria para o atender aos trabalhadores da categoria neste novo munic\u00edpio, o que ocorreu em 14 de maio de 1992 com mandato provis\u00f3rio at\u00e9 1993. Esta diretoria provis\u00f3ria legalizou o Sindiqu\u00edmica\/BR e providenciou as primeiras elei\u00e7\u00f5es do sindicato para um mandato de 1993 a 1997. Oficialmente, a entidade foi registrada no mesmo m\u00eas e ano de sua funda\u00e7\u00e3o e assim reconhecida pelo Minist\u00e9rio do Trabalho do Estado do Rio de Janeiro.<\/p>\n<\/div>\n","protected":false},"excerpt":{"rendered":"<p>&nbsp; O Sindiqu\u00edmica\/BR foi fundado em 27 de Maio de 1992 e constitu\u00eddo para fins de estudo, coordena\u00e7\u00e3o, prote\u00e7\u00e3o e representa\u00e7\u00e3o legal dos grupos profissionais da \u00e1rea qu\u00edmica e farmac\u00eautica da regi\u00e3o, devidamente registrados na sede da categoria, conforme consta em seu Estatuto Social. Antes desta data, os trabalhadores da categoria atuantes em Belford Roxo<a class=\"moretag\" href=\"http:\/\/sindiquimicabr.com.br\/index.php\/historico\/\"> [&#8230;]<\/a><\/p>\n","protected":false},"author":1,"featured_media":0,"parent":0,"menu_order":0,"comment_status":"closed","ping_status":"closed","template":"","meta":[],"_links":{"self":[{"href":"http:\/\/sindiquimicabr.com.br\/index.php\/wp-json\/wp\/v2\/pages\/31"}],"collection":[{"href":"http:\/\/sindiquimicabr.com.br\/index.php\/wp-json\/wp\/v2\/pages"}],"about":[{"href":"http:\/\/sindiquimicabr.com.br\/index.php\/wp-json\/wp\/v2\/types\/page"}],"author":[{"embeddable":true,"href":"http:\/\/sindiquimicabr.com.br\/index.php\/wp-json\/wp\/v2\/users\/1"}],"replies":[{"embeddable":true,"href":"http:\/\/sindiquimicabr.com.br\/index.php\/wp-json\/wp\/v2\/comments?post=31"}],"version-history":[{"count":5,"href":"http:\/\/sindiquimicabr.com.br\/index.php\/wp-json\/wp\/v2\/pages\/31\/revisions"}],"predecessor-version":[{"id":194,"href":"http:\/\/sindiquimicabr.com.br\/index.php\/wp-json\/wp\/v2\/pages\/31\/revisions\/194"}],"wp:attachment":[{"href":"http:\/\/sindiquimicabr.com.br\/index.php\/wp-json\/wp\/v2\/media?parent=31"}],"curies":[{"name":"wp","href":"https:\/\/api.w.org\/{rel}","templated":true}]}}